{"id":218,"date":"2023-12-01T08:26:45","date_gmt":"2023-12-01T08:26:45","guid":{"rendered":"https:\/\/patiotime.loftocean.com\/demo12\/?page_id=218"},"modified":"2026-04-16T11:46:43","modified_gmt":"2026-04-16T11:46:43","slug":"contact","status":"publish","type":"page","link":"https:\/\/qazanihaus.com\/index.php\/contact\/","title":{"rendered":"Contact"},"content":{"rendered":"\t\t<div data-elementor-type=\"wp-page\" data-elementor-id=\"218\" class=\"elementor elementor-218\">\n\t\t\t\t\t\t<section class=\"elementor-section elementor-top-section elementor-element elementor-element-40165458 elementor-section-height-min-height pt-section-content-fullwidth pt-parallax-on-scroll pt_scroll_y_80 elementor-section-boxed elementor-section-height-default elementor-section-items-middle\" data-id=\"40165458\" data-element_type=\"section\" data-e-type=\"section\" data-settings=\"{&quot;background_background&quot;:&quot;classic&quot;}\" data-pt-parallax-y=\"80\" style=\"background-image: none;\" data-pt-background-image=\"https:\/\/patiotime.loftocean.com\/demo12\/wp-content\/uploads\/sites\/12\/2024\/03\/alena-torgonskaya-wO5DwEoyKjI-unsplash.jpg\">\n\t\t\t\t\t\t\t<div class=\"elementor-background-overlay\"><\/div>\n\t\t\t\t\t\t\t<div class=\"elementor-container elementor-column-gap-no\">\n\t\t\t\t\t<div class=\"elementor-column elementor-col-100 elementor-top-column elementor-element elementor-element-4cb8b811\" data-id=\"4cb8b811\" data-element_type=\"column\" data-e-type=\"column\">\n\t\t\t<div class=\"elementor-widget-wrap elementor-element-populated\">\n\t\t\t\t\t\t<div class=\"elementor-widget-image elementor-element elementor-element-54e5c305 elementor-widget elementor-widget-pt_image\" data-id=\"54e5c305\" data-element_type=\"widget\" data-e-type=\"widget\" data-widget_type=\"pt_image.default\">\n\t\t\t\t<div class=\"elementor-widget-container\">\n\t\t\t\t\t                                        <img decoding=\"async\" width=\"112\" height=\"79\" src=\"https:\/\/qazanihaus.com\/wp-content\/uploads\/2024\/03\/icon-dining-white.png\" class=\"attachment-large size-large wp-image-1158\" alt=\"\" \/>                                            \t\t\t\t<\/div>\n\t\t\t\t<\/div>\n\t\t\t\t<div class=\"elementor-element elementor-element-4ee7d05e elementor-widget elementor-widget-pt_title\" data-id=\"4ee7d05e\" data-element_type=\"widget\" data-e-type=\"widget\" data-widget_type=\"pt_title.default\">\n\t\t\t\t<div class=\"elementor-widget-container\">\n\t\t\t\t\t\n        <div class=\"pt-title-wrap text-center\">\t            <h1 class=\"pt-title\">\n\t                Contact Us for Enquiries &amp; Bookings\t            <\/h1>        <\/div>\t\t\t\t<\/div>\n\t\t\t\t<\/div>\n\t\t\t\t<div class=\"elementor-element elementor-element-215e4ea6 elementor-widget elementor-widget-pt_title\" data-id=\"215e4ea6\" data-element_type=\"widget\" data-e-type=\"widget\" data-widget_type=\"pt_title.default\">\n\t\t\t\t<div class=\"elementor-widget-container\">\n\t\t\t\t\t\n        <div class=\"pt-title-wrap text-center\">\t            <div class=\"pt-subtitle-wrap\"><span class=\"pt-subtitle color-white style-bordered\">Get In Touch With Us<\/span><\/div>        <\/div>\t\t\t\t<\/div>\n\t\t\t\t<\/div>\n\t\t\t\t\t<\/div>\n\t\t<\/div>\n\t\t\t\t\t<\/div>\n\t\t<\/section>\n\t\t\t\t<section class=\"elementor-section elementor-top-section elementor-element elementor-element-7fcf8e9 elementor-section-boxed elementor-section-height-default elementor-section-height-default\" data-id=\"7fcf8e9\" data-element_type=\"section\" data-e-type=\"section\">\n\t\t\t\t\t\t<div class=\"elementor-container elementor-column-gap-no\">\n\t\t\t\t\t<div class=\"elementor-column elementor-col-50 elementor-top-column elementor-element elementor-element-8d43825\" data-id=\"8d43825\" data-element_type=\"column\" data-e-type=\"column\">\n\t\t\t<div class=\"elementor-widget-wrap elementor-element-populated\">\n\t\t\t\t\t\t<div class=\"elementor-element elementor-element-a8253b9 elementor-widget elementor-widget-pt_title\" data-id=\"a8253b9\" data-element_type=\"widget\" data-e-type=\"widget\" data-widget_type=\"pt_title.default\">\n\t\t\t\t<div class=\"elementor-widget-container\">\n\t\t\t\t\t\n        <div class=\"pt-title-wrap\">\t            <h3 class=\"pt-title\">\n\t                Contact Us\t            <\/h3>        <\/div>\t\t\t\t<\/div>\n\t\t\t\t<\/div>\n\t\t\t\t<section class=\"elementor-section elementor-inner-section elementor-element elementor-element-a9ad0da elementor-section-boxed elementor-section-height-default elementor-section-height-default\" data-id=\"a9ad0da\" data-element_type=\"section\" data-e-type=\"section\">\n\t\t\t\t\t\t<div class=\"elementor-container elementor-column-gap-no\">\n\t\t\t\t\t<div class=\"elementor-column elementor-col-50 elementor-inner-column elementor-element elementor-element-877c216\" data-id=\"877c216\" data-element_type=\"column\" data-e-type=\"column\">\n\t\t\t<div class=\"elementor-widget-wrap elementor-element-populated\">\n\t\t\t\t\t\t<div class=\"elementor-element elementor-element-e16a265 elementor-widget elementor-widget-pt_title\" data-id=\"e16a265\" data-element_type=\"widget\" data-e-type=\"widget\" data-widget_type=\"pt_title.default\">\n\t\t\t\t<div class=\"elementor-widget-container\">\n\t\t\t\t\t\n        <div class=\"pt-title-wrap\">\t            <h5 class=\"pt-title\">\n\t                General Info\t            <\/h5>\t            <div class=\"pt-title-text\">\n\t                <a href=\"mailto:info@patiotime.com\">info@patiotime.com<\/a>\t            <\/div>        <\/div>\t\t\t\t<\/div>\n\t\t\t\t<\/div>\n\t\t\t\t<div class=\"elementor-element elementor-element-ddf2243 elementor-widget elementor-widget-pt_title\" data-id=\"ddf2243\" data-element_type=\"widget\" data-e-type=\"widget\" data-widget_type=\"pt_title.default\">\n\t\t\t\t<div class=\"elementor-widget-container\">\n\t\t\t\t\t\n        <div class=\"pt-title-wrap\">\t            <h5 class=\"pt-title\">\n\t                Careers\t            <\/h5>\t            <div class=\"pt-title-text\">\n\t                <a href=\"mailto:careers@patiotime.com\">careers@patiotime.com<\/a>\t            <\/div>        <\/div>\t\t\t\t<\/div>\n\t\t\t\t<\/div>\n\t\t\t\t<div class=\"elementor-element elementor-element-c08fab6 elementor-widget elementor-widget-pt_title\" data-id=\"c08fab6\" data-element_type=\"widget\" data-e-type=\"widget\" data-widget_type=\"pt_title.default\">\n\t\t\t\t<div class=\"elementor-widget-container\">\n\t\t\t\t\t\n        <div class=\"pt-title-wrap\">\t            <h5 class=\"pt-title\">\n\t                Events\t            <\/h5>\t            <div class=\"pt-title-text\">\n\t                <a href=\"mailto:events@patiotime.com\">events@patiotime.com<\/a>\t            <\/div>        <\/div>\t\t\t\t<\/div>\n\t\t\t\t<\/div>\n\t\t\t\t<div class=\"elementor-element elementor-element-de3ded4 elementor-widget elementor-widget-pt_title\" data-id=\"de3ded4\" data-element_type=\"widget\" data-e-type=\"widget\" data-widget_type=\"pt_title.default\">\n\t\t\t\t<div class=\"elementor-widget-container\">\n\t\t\t\t\t\n        <div class=\"pt-title-wrap\">\t            <h5 class=\"pt-title\">\n\t                Catering\t            <\/h5>\t            <div class=\"pt-title-text\">\n\t                <a href=\"mailto:catering@patiotime.com\">catering@patiotime.com<\/a>\t            <\/div>        <\/div>\t\t\t\t<\/div>\n\t\t\t\t<\/div>\n\t\t\t\t<div class=\"elementor-element elementor-element-8a0c236 elementor-widget elementor-widget-pt_title\" data-id=\"8a0c236\" data-element_type=\"widget\" data-e-type=\"widget\" data-widget_type=\"pt_title.default\">\n\t\t\t\t<div class=\"elementor-widget-container\">\n\t\t\t\t\t\n        <div class=\"pt-title-wrap\">\t            <h5 class=\"pt-title\">\n\t                Press\t            <\/h5>\t            <div class=\"pt-title-text\">\n\t                <a href=\"mailto:press@patiotime.com\">press@patiotime.com<\/a>\t            <\/div>        <\/div>\t\t\t\t<\/div>\n\t\t\t\t<\/div>\n\t\t\t\t\t<\/div>\n\t\t<\/div>\n\t\t\t\t<div class=\"elementor-column elementor-col-50 elementor-inner-column elementor-element elementor-element-4bfcebd\" data-id=\"4bfcebd\" data-element_type=\"column\" data-e-type=\"column\">\n\t\t\t<div class=\"elementor-widget-wrap elementor-element-populated\">\n\t\t\t\t\t\t<div class=\"elementor-element elementor-element-1e91efd elementor-widget elementor-widget-pt_title\" data-id=\"1e91efd\" data-element_type=\"widget\" data-e-type=\"widget\" data-widget_type=\"pt_title.default\">\n\t\t\t\t<div class=\"elementor-widget-container\">\n\t\t\t\t\t\n        <div class=\"pt-title-wrap\">\t            <h5 class=\"pt-title\">\n\t                Headquarters\t            <\/h5>        <\/div>\t\t\t\t<\/div>\n\t\t\t\t<\/div>\n\t\t\t\t<div class=\"elementor-element elementor-element-9b46287 elementor-widget elementor-widget-pt_info\" data-id=\"9b46287\" data-element_type=\"widget\" data-e-type=\"widget\" data-widget_type=\"pt_info.default\">\n\t\t\t\t<div class=\"elementor-widget-container\">\n\t\t\t\t\t\t            <div class=\"pt-info pt-address\">\n\t                <a href=\"https:\/\/www.google.com\/maps\/place\/Barbican+Centre\/@51.5205487,-0.0936463,18z\/data=!4m13!1m7!3m6!1s0x48761ca98744377d:0x9e296ec2b218ce78!2sSilk+St,+London,+UK!3b1!8m2!3d51.5198778!4d-0.0916239!3m4!1s0x48761b56fb64b275:0xc756e26675d21f40!8m2!3d51.5202077!4d-0.0937864\" target=\"_blank\">\t                    <i class=\"fas fa-map-marker-alt\"><\/i> Silk St, Barbican, London EC2Y 8DS, UK\t                <\/a>\t            <\/div>\t\t\t\t<\/div>\n\t\t\t\t<\/div>\n\t\t\t\t<div class=\"elementor-element elementor-element-d1b9d80 elementor-widget elementor-widget-pt_info\" data-id=\"d1b9d80\" data-element_type=\"widget\" data-e-type=\"widget\" data-widget_type=\"pt_info.default\">\n\t\t\t\t<div class=\"elementor-widget-container\">\n\t\t\t\t\t\t            <div class=\"pt-info pt-tel\">\n\t                <a href=\"tel:+39-055-123456\">\t                    <i class=\"fas fa-phone\"><\/i> +39-055-123456\t                <\/a>\t            <\/div>\t\t\t\t<\/div>\n\t\t\t\t<\/div>\n\t\t\t\t<div class=\"elementor-element elementor-element-da33829 elementor-widget elementor-widget-pt_info\" data-id=\"da33829\" data-element_type=\"widget\" data-e-type=\"widget\" data-widget_type=\"pt_info.default\">\n\t\t\t\t<div class=\"elementor-widget-container\">\n\t\t\t\t\t\t            <div class=\"pt-info pt-email\">\n\t                <a href=\"mailto:booking@patiotime.com\">\t                    <i class=\"far fa-envelope\"><\/i> booking@patiotime.com\t                <\/a>\t            <\/div>\t\t\t\t<\/div>\n\t\t\t\t<\/div>\n\t\t\t\t<div class=\"elementor-element elementor-element-ea4e2ba elementor-widget elementor-widget-pt_title\" data-id=\"ea4e2ba\" data-element_type=\"widget\" data-e-type=\"widget\" data-widget_type=\"pt_title.default\">\n\t\t\t\t<div class=\"elementor-widget-container\">\n\t\t\t\t\t\n        <div class=\"pt-title-wrap\">\t            <h5 class=\"pt-title\">\n\t                Follow Us\t            <\/h5>        <\/div>\t\t\t\t<\/div>\n\t\t\t\t<\/div>\n\t\t\t\t\t<\/div>\n\t\t<\/div>\n\t\t\t\t\t<\/div>\n\t\t<\/section>\n\t\t\t\t\t<\/div>\n\t\t<\/div>\n\t\t\t\t<div class=\"elementor-column elementor-col-50 elementor-top-column elementor-element elementor-element-bbd5a9d\" data-id=\"bbd5a9d\" data-element_type=\"column\" data-e-type=\"column\">\n\t\t\t<div class=\"elementor-widget-wrap elementor-element-populated\">\n\t\t\t\t\t\t<div class=\"elementor-element elementor-element-1f323d1 elementor-widget elementor-widget-pt_title\" data-id=\"1f323d1\" data-element_type=\"widget\" data-e-type=\"widget\" data-widget_type=\"pt_title.default\">\n\t\t\t\t<div class=\"elementor-widget-container\">\n\t\t\t\t\t\n        <div class=\"pt-title-wrap\">\t            <h3 class=\"pt-title\">\n\t                Let's Start A Conversation\t            <\/h3>\t            <div class=\"pt-title-text\">\n\t                <p>Please use the below contact form to make an enquiry or discuss a specific requirement. This is simply a contact form and should not be used to make reservations.<\/p>\t            <\/div>        <\/div>\t\t\t\t<\/div>\n\t\t\t\t<\/div>\n\t\t\t\t<div class=\"elementor-element elementor-element-6b9f6a1 elementor-widget elementor-widget-pt_form_cf7\" data-id=\"6b9f6a1\" data-element_type=\"widget\" data-e-type=\"widget\" data-widget_type=\"pt_form_cf7.default\">\n\t\t\t\t<div class=\"elementor-widget-container\">\n\t\t\t\t\t            <div class=\"pt-form-cf7 placeholder-normal\">\n                <div class=\"pt-form-cf7-wrap\">\n<div class=\"wpcf7 no-js\" id=\"wpcf7-f16-o1\" lang=\"tr-TR\" dir=\"ltr\" data-wpcf7-id=\"16\">\n<div class=\"screen-reader-response\"><p role=\"status\" aria-live=\"polite\" aria-atomic=\"true\"><\/p> <ul><\/ul><\/div>\n<form action=\"\/index.php\/wp-json\/wp\/v2\/pages\/218#wpcf7-f16-o1\" method=\"post\" class=\"wpcf7-form init\" aria-label=\"\u0130leti\u015fim Formu\" novalidate=\"novalidate\" data-status=\"init\">\n<fieldset class=\"hidden-fields-container\"><input type=\"hidden\" name=\"_wpcf7\" value=\"16\" \/><input type=\"hidden\" name=\"_wpcf7_version\" value=\"6.1.5\" \/><input type=\"hidden\" name=\"_wpcf7_locale\" value=\"tr_TR\" \/><input type=\"hidden\" name=\"_wpcf7_unit_tag\" value=\"wpcf7-f16-o1\" \/><input type=\"hidden\" name=\"_wpcf7_container_post\" value=\"0\" \/><input type=\"hidden\" name=\"_wpcf7_posted_data_hash\" value=\"\" \/>\n<\/fieldset>\n<p><label> Ad\u0131n\u0131z<br \/>\n<span class=\"wpcf7-form-control-wrap\" data-name=\"your-name\"><input size=\"40\" maxlength=\"400\" class=\"wpcf7-form-control wpcf7-text wpcf7-validates-as-required\" autocomplete=\"name\" aria-required=\"true\" aria-invalid=\"false\" value=\"\" type=\"text\" name=\"your-name\" \/><\/span> <\/label>\n<\/p>\n<p><label> E-posta adresiniz<br \/>\n<span class=\"wpcf7-form-control-wrap\" data-name=\"your-email\"><input size=\"40\" maxlength=\"400\" class=\"wpcf7-form-control wpcf7-email wpcf7-validates-as-required wpcf7-text wpcf7-validates-as-email\" autocomplete=\"email\" aria-required=\"true\" aria-invalid=\"false\" value=\"\" type=\"email\" name=\"your-email\" \/><\/span> <\/label>\n<\/p>\n<p><label> Konu<br \/>\n<span class=\"wpcf7-form-control-wrap\" data-name=\"your-subject\"><input size=\"40\" maxlength=\"400\" class=\"wpcf7-form-control wpcf7-text wpcf7-validates-as-required\" aria-required=\"true\" aria-invalid=\"false\" value=\"\" type=\"text\" name=\"your-subject\" \/><\/span> <\/label>\n<\/p>\n<p><label> \u0130letiniz (tercihe ba\u011fl\u0131)<br \/>\n<span class=\"wpcf7-form-control-wrap\" data-name=\"your-message\"><textarea cols=\"40\" rows=\"10\" maxlength=\"2000\" class=\"wpcf7-form-control wpcf7-textarea\" aria-invalid=\"false\" name=\"your-message\"><\/textarea><\/span> <\/label>\n<\/p>\n<p><input class=\"wpcf7-form-control wpcf7-submit has-spinner\" type=\"submit\" value=\"G\u00f6nder\" \/>\n<\/p><div class=\"wpcf7-response-output\" aria-hidden=\"true\"><\/div>\n<\/form>\n<\/div>\n<\/div>\n            <\/div>\t\t\t\t<\/div>\n\t\t\t\t<\/div>\n\t\t\t\t\t<\/div>\n\t\t<\/div>\n\t\t\t\t\t<\/div>\n\t\t<\/section>\n\t\t\t\t<\/div>\n\t\t","protected":false},"excerpt":{"rendered":"<p>Contact Us for Enquiries &amp; Bookings Get In Touch With Us Contact Us General Info info@patiotime.com Careers careers@patiotime.com Events events@patiotime.com Catering catering@patiotime.com Press press@patiotime.com Headquarters Silk St, Barbican, London EC2Y 8DS, UK +39-055-123456 booking@patiotime.com Follow Us Facebook Twitter Instagram Let&#8217;s Start A Conversation Please use the below contact form to make an enquiry or discuss &#8230;<\/p>\n","protected":false},"author":1,"featured_media":0,"parent":0,"menu_order":0,"comment_status":"closed","ping_status":"closed","template":"template-wide-content.php","meta":{"patiotime_single_page_hide_site_header":"","patiotime_single_page_site_header_source":"","patiotime_single_page_custom_site_header":"0","patiotime_single_page_custom_sticky_site_header":"0","patiotime_single_page_custom_page_title_margin_top_source":"","patiotime_single_page_custom_page_title_desktop_margin_top":"","patiotime_single_page_custom_page_title_tablet_margin_top":"","patiotime_single_page_custom_page_title_mobile_margin_top":"","patiotime_single_page_hide_page_title":"on","patiotime_single_page_header_section_size":"","patiotime_single_page_header_background_color":"","patiotime_single_page_header_background_position_x":"center","patiotime_single_page_header_background_position_y":"center","patiotime_single_page_header_background_size":"cover","patiotime_single_page_header_background_repeat":"off","patiotime_single_page_header_background_scroll":"on","patiotime_single_page_header_text_color":"","patiotime_single_page_header_show_breadcrumb":"","patiotime_single_page_site_footer_hide_main":"","patiotime_single_custom_site_footer_main_source":"","patiotime_single_custom_site_footer_main":"0","patiotime_single_page_site_footer_hide_above":"","patiotime_single_custom_site_footer_above_source":"","patiotime_single_custom_site_footer_above":"0","patiotime_single_page_site_footer_hide_instagram":"","patiotime_single_page_site_footer_hide_bottom":"","patiotime_single_custom_mobile_menu_source":"","patiotime_single_custom_mobile_menu":"0","patiotime_single_custom_mobile_menu_animation":"","patiotime_single_custom_mobile_menu_width":"","patiotime_single_custom_mobile_menu_custom_width":375,"footnotes":""},"class_list":["post-218","page","type-page","status-publish","hentry"],"_links":{"self":[{"href":"https:\/\/qazanihaus.com\/index.php\/wp-json\/wp\/v2\/pages\/218","targetHints":{"allow":["GET"]}}],"collection":[{"href":"https:\/\/qazanihaus.com\/index.php\/wp-json\/wp\/v2\/pages"}],"about":[{"href":"https:\/\/qazanihaus.com\/index.php\/wp-json\/wp\/v2\/types\/page"}],"author":[{"embeddable":true,"href":"https:\/\/qazanihaus.com\/index.php\/wp-json\/wp\/v2\/users\/1"}],"replies":[{"embeddable":true,"href":"https:\/\/qazanihaus.com\/index.php\/wp-json\/wp\/v2\/comments?post=218"}],"version-history":[{"count":1,"href":"https:\/\/qazanihaus.com\/index.php\/wp-json\/wp\/v2\/pages\/218\/revisions"}],"predecessor-version":[{"id":1527,"href":"https:\/\/qazanihaus.com\/index.php\/wp-json\/wp\/v2\/pages\/218\/revisions\/1527"}],"wp:attachment":[{"href":"https:\/\/qazanihaus.com\/index.php\/wp-json\/wp\/v2\/media?parent=218"}],"curies":[{"name":"wp","href":"https:\/\/api.w.org\/{rel}","templated":true}]}}